{"id":12,"date":"2020-06-21T15:15:58","date_gmt":"2020-06-21T15:15:58","guid":{"rendered":"http:\/\/friseur-heidemann.de\/?page_id=12"},"modified":"2022-03-04T12:22:29","modified_gmt":"2022-03-04T11:22:29","slug":"colibri-wp","status":"publish","type":"page","link":"https:\/\/friseur-heidemann.de\/?page_id=12","title":{"rendered":"Unsere Philosophie"},"content":{"rendered":"\n<div class=\"alignnormal\"><div id=\"metaslider-id-333\" style=\"width: 100%;\" class=\"ml-slider-3-28-3 metaslider metaslider-nivo metaslider-333 ml-slider\">\n    <div id=\"metaslider_container_333\">\n        <div class='slider-wrapper theme-default'><div class='ribbon'><\/div><div id='metaslider_333' class='nivoSlider'><img src=\"https:\/\/friseur-heidemann.de\/wp-content\/uploads\/2020\/07\/4-scaled-700x300.jpg\" height=\"300\" width=\"700\" title=\"4\" alt=\"\" class=\"slider-333 slide-336\" \/><img src=\"https:\/\/friseur-heidemann.de\/wp-content\/uploads\/2020\/07\/1-scaled-700x300.jpg\" height=\"300\" width=\"700\" title=\"1\" alt=\"\" class=\"slider-333 slide-337\" \/><\/div><\/div>\n        \n    <\/div>\n<\/div><\/div>\n\n\n\n<p><\/p>\n\n\n\n<p>Wir sind ein Team von fr\u00f6hlichen und kreativen Menschen, die professionell, mit viel Feingef\u00fchl und Know-how Kunden gl\u00fccklich machen m\u00f6chten.<\/p>\n\n\n\n<p>Nur wenige Dinge wechseln so rasant wie die jeweils aktuelle Frisurenmode.<\/p>\n\n\n\n<div class=\"wp-block-image\"><figure class=\"alignright size-large\"><img decoding=\"async\" loading=\"lazy\" width=\"274\" height=\"350\" src=\"https:\/\/friseur-heidemann.de\/wp-content\/uploads\/2020\/07\/iStock_000007715533Small4web.jpg\" alt=\"\" class=\"wp-image-353\" srcset=\"https:\/\/friseur-heidemann.de\/wp-content\/uploads\/2020\/07\/iStock_000007715533Small4web.jpg 274w, https:\/\/friseur-heidemann.de\/wp-content\/uploads\/2020\/07\/iStock_000007715533Small4web-235x300.jpg 235w, https:\/\/friseur-heidemann.de\/wp-content\/uploads\/2020\/07\/iStock_000007715533Small4web-230x294.jpg 230w\" sizes=\"(max-width: 274px) 100vw, 274px\" \/><\/figure><\/div>\n\n\n\n<p>Sie m\u00f6chten immer mit den neuesten Trends gehen?<\/p>\n\n\n\n<p><strong>Wir helfen Ihnen dabei!<\/strong><\/p>\n\n\n\n<p>Sie haben Probleme mit Haarbruch, Spliss usw.<\/p>\n\n\n\n<p><strong>Wir helfen Ihnen!<\/strong><\/p>\n\n\n\n<p>Durch unser fundiertes Wissen aus der Farb u. Stilberatung k\u00f6nnen wir Ihnen sicher bei der Auswahl einer neuen Haarfarbe helfen.<\/p>\n\n\n\n<p>Des Weiteren setzen wir nat\u00fcrlich ausschlie\u00dflich auf qualitativ hochwertige Markenprodukte.<\/p>\n\n\n\n<p>Das geh\u00f6rt bei uns zu einem kompetenten Service dazu.<\/p>\n\n\n\n<p>Sie als Kunde\/in stehen bei uns im Mittelpunkt. Genie\u00dfen Sie die Zeit bei uns mit einem Kaffee, Tee oder einem frischen Wasser. Ein umfassendes Sortiment aktueller Zeitschriften geh\u00f6rt bei uns nat\u00fcrlich auch zum Standard.<\/p>\n\n\n\n<p>Ihr Friseurteam J\u00f6rg Heidemann<\/p>\n\n\n\n<p class=\"has-small-font-size\"><\/p>\n","protected":false},"excerpt":{"rendered":"<p>Wir sind ein Team von fr\u00f6hlichen und kreativen Menschen, die professionell, mit viel Feingef\u00fchl und Know-how Kunden gl\u00fccklich machen m\u00f6chten. Nur wenige Dinge wechseln so rasant wie die jeweils aktuelle Frisurenmode. Sie m\u00f6chten immer mit den neuesten Trends gehen? Wir helfen Ihnen dabei! Sie haben Probleme mit Haarbruch, Spliss usw. Wir helfen Ihnen! Durch unser [&hellip;]<\/p>\n","protected":false},"author":1,"featured_media":89,"parent":0,"menu_order":0,"comment_status":"closed","ping_status":"closed","template":"","meta":[],"_links":{"self":[{"href":"https:\/\/friseur-heidemann.de\/index.php?rest_route=\/wp\/v2\/pages\/12"}],"collection":[{"href":"https:\/\/friseur-heidemann.de\/index.php?rest_route=\/wp\/v2\/pages"}],"about":[{"href":"https:\/\/friseur-heidemann.de\/index.php?rest_route=\/wp\/v2\/types\/page"}],"author":[{"embeddable":true,"href":"https:\/\/friseur-heidemann.de\/index.php?rest_route=\/wp\/v2\/users\/1"}],"replies":[{"embeddable":true,"href":"https:\/\/friseur-heidemann.de\/index.php?rest_route=%2Fwp%2Fv2%2Fcomments&post=12"}],"version-history":[{"count":17,"href":"https:\/\/friseur-heidemann.de\/index.php?rest_route=\/wp\/v2\/pages\/12\/revisions"}],"predecessor-version":[{"id":381,"href":"https:\/\/friseur-heidemann.de\/index.php?rest_route=\/wp\/v2\/pages\/12\/revisions\/381"}],"wp:featuredmedia":[{"embeddable":true,"href":"https:\/\/friseur-heidemann.de\/index.php?rest_route=\/wp\/v2\/media\/89"}],"wp:attachment":[{"href":"https:\/\/friseur-heidemann.de\/index.php?rest_route=%2Fwp%2Fv2%2Fmedia&parent=12"}],"curies":[{"name":"wp","href":"https:\/\/api.w.org\/{rel}","templated":true}]}}