{"id":159,"date":"2020-06-21T16:43:55","date_gmt":"2020-06-21T16:43:55","guid":{"rendered":"http:\/\/friseur-heidemann.de\/?page_id=159"},"modified":"2020-07-22T16:14:11","modified_gmt":"2020-07-22T15:14:11","slug":"parken","status":"publish","type":"page","link":"https:\/\/friseur-heidemann.de\/?page_id=159","title":{"rendered":"Parken"},"content":{"rendered":"\n<figure class=\"wp-block-image size-large\"><img decoding=\"async\" loading=\"lazy\" width=\"1024\" height=\"681\" src=\"https:\/\/friseur-heidemann.de\/wp-content\/uploads\/2020\/07\/P6.1-1024x681.jpg\" alt=\"Hauptstra\u00dfe in Oerlinghausen\" class=\"wp-image-299\" srcset=\"https:\/\/friseur-heidemann.de\/wp-content\/uploads\/2020\/07\/P6.1-1024x681.jpg 1024w, https:\/\/friseur-heidemann.de\/wp-content\/uploads\/2020\/07\/P6.1-300x199.jpg 300w, https:\/\/friseur-heidemann.de\/wp-content\/uploads\/2020\/07\/P6.1-768x511.jpg 768w, https:\/\/friseur-heidemann.de\/wp-content\/uploads\/2020\/07\/P6.1-1536x1021.jpg 1536w, https:\/\/friseur-heidemann.de\/wp-content\/uploads\/2020\/07\/P6.1-2048x1362.jpg 2048w, https:\/\/friseur-heidemann.de\/wp-content\/uploads\/2020\/07\/P6.1-830x552.jpg 830w, https:\/\/friseur-heidemann.de\/wp-content\/uploads\/2020\/07\/P6.1-230x153.jpg 230w, https:\/\/friseur-heidemann.de\/wp-content\/uploads\/2020\/07\/P6.1-350x233.jpg 350w, https:\/\/friseur-heidemann.de\/wp-content\/uploads\/2020\/07\/P6.1-480x319.jpg 480w\" sizes=\"(max-width: 1024px) 100vw, 1024px\" \/><figcaption>Folgen Sie der Hauptstra\u00dfe zum Friseurteam J\u00f6rg Heidemann<\/figcaption><\/figure>\n\n\n\n<p>An der Hauptstra\u00dfe gibt es viele Parkbuchten. Denken Sie an Ihre Parkscheibe!<\/p>\n\n\n\n<p>Weitere kostenlose Parkm\u00f6glichkeiten gibt es <\/p>\n\n\n\n<ul><li>am Simonsplatz<\/li><li>an der Alexanderkirche, ca. 170 Meter, 2 Minuten Fu\u00dfweg<\/li><li>am Brachtshof, ca. 250 Meter entfernt,  3 Minuten Fu\u00dfweg<\/li><li>mehrere Parkbuchten &#8222;Unter der Howe&#8220;, alle durch kleine Treppenstiegen (Tweten) mit der Hauptstra\u00dfe verbunden<ul><li>B\u00e4ckertwete, ca. 90 Meter, 1 Minute<\/li><li>Tischlertwete, ca. 170 Meter, 2 Minuten<\/li><li>Klempnertwete, ca. 220 Meter, 3 Minuten<\/li><li>Gerichtstwete, ca. 290 Meter, 4 Minuten<\/li><li>Kr\u00e4mertwete, ca. 300 Meter, 4 Minuten<\/li><\/ul><\/li><li>Parkhaus am Rathaus und Parkhaus &#8222;Unter der Howe&#8220; je ca. 400 Meter und 5 Minuten<\/li><\/ul>\n\n\n\n<p>Mit dem Bus der Linie 39 k\u00f6nnen Sie bequem bis zum Simonsplatz fahren. Von der Haltestelle sind es nur ca. 30 Meter bis zum Friseurteam J\u00f6rg Heidemann!<\/p>\n","protected":false},"excerpt":{"rendered":"<p>An der Hauptstra\u00dfe gibt es viele Parkbuchten. Denken Sie an Ihre Parkscheibe! Weitere kostenlose Parkm\u00f6glichkeiten gibt es am Simonsplatz an der Alexanderkirche, ca. 170 Meter, 2 Minuten Fu\u00dfweg am Brachtshof, ca. 250 Meter entfernt, 3 Minuten Fu\u00dfweg mehrere Parkbuchten &#8222;Unter der Howe&#8220;, alle durch kleine Treppenstiegen (Tweten) mit der Hauptstra\u00dfe verbunden B\u00e4ckertwete, ca. 90 Meter, [&hellip;]<\/p>\n","protected":false},"author":1,"featured_media":0,"parent":0,"menu_order":0,"comment_status":"closed","ping_status":"closed","template":"","meta":[],"_links":{"self":[{"href":"https:\/\/friseur-heidemann.de\/index.php?rest_route=\/wp\/v2\/pages\/159"}],"collection":[{"href":"https:\/\/friseur-heidemann.de\/index.php?rest_route=\/wp\/v2\/pages"}],"about":[{"href":"https:\/\/friseur-heidemann.de\/index.php?rest_route=\/wp\/v2\/types\/page"}],"author":[{"embeddable":true,"href":"https:\/\/friseur-heidemann.de\/index.php?rest_route=\/wp\/v2\/users\/1"}],"replies":[{"embeddable":true,"href":"https:\/\/friseur-heidemann.de\/index.php?rest_route=%2Fwp%2Fv2%2Fcomments&post=159"}],"version-history":[{"count":8,"href":"https:\/\/friseur-heidemann.de\/index.php?rest_route=\/wp\/v2\/pages\/159\/revisions"}],"predecessor-version":[{"id":368,"href":"https:\/\/friseur-heidemann.de\/index.php?rest_route=\/wp\/v2\/pages\/159\/revisions\/368"}],"wp:attachment":[{"href":"https:\/\/friseur-heidemann.de\/index.php?rest_route=%2Fwp%2Fv2%2Fmedia&parent=159"}],"curies":[{"name":"wp","href":"https:\/\/api.w.org\/{rel}","templated":true}]}}