{"id":9,"date":"2020-06-21T15:59:09","date_gmt":"2020-06-21T15:59:09","guid":{"rendered":"http:\/\/friseur-heidemann.de\/?page_id=9"},"modified":"2023-01-20T15:23:29","modified_gmt":"2023-01-20T14:23:29","slug":"friseurteam-joerg-heidemann","status":"publish","type":"page","link":"https:\/\/friseur-heidemann.de\/","title":{"rendered":"Friseurteam J\u00f6rg Heidemann"},"content":{"rendered":"\n<figure class=\"wp-block-image size-full\"><img decoding=\"async\" loading=\"lazy\" width=\"1024\" height=\"443\" src=\"https:\/\/friseur-heidemann.de\/wp-content\/uploads\/2023\/01\/wir2-1024x443-1.jpg\" alt=\"\" class=\"wp-image-387\" srcset=\"https:\/\/friseur-heidemann.de\/wp-content\/uploads\/2023\/01\/wir2-1024x443-1.jpg 1024w, https:\/\/friseur-heidemann.de\/wp-content\/uploads\/2023\/01\/wir2-1024x443-1-300x130.jpg 300w, https:\/\/friseur-heidemann.de\/wp-content\/uploads\/2023\/01\/wir2-1024x443-1-768x332.jpg 768w, https:\/\/friseur-heidemann.de\/wp-content\/uploads\/2023\/01\/wir2-1024x443-1-830x359.jpg 830w, https:\/\/friseur-heidemann.de\/wp-content\/uploads\/2023\/01\/wir2-1024x443-1-230x100.jpg 230w, https:\/\/friseur-heidemann.de\/wp-content\/uploads\/2023\/01\/wir2-1024x443-1-350x151.jpg 350w, https:\/\/friseur-heidemann.de\/wp-content\/uploads\/2023\/01\/wir2-1024x443-1-480x208.jpg 480w\" sizes=\"(max-width: 1024px) 100vw, 1024px\" \/><\/figure>\n\n\n<p>Willkommen bei unserem kreativen und kompetenten Friseurteam J\u00f6rg Heidemann in Oerlinghausen!<\/p>\n<p>Entspannen Sie sich bei Kaffee, Tee oder Wasser, w\u00e4hrend wir Ihnen mit viel Feingef\u00fchl und Know-How nach professioneller Farb- und Stilberatung zu einem perfekten Aussehen verhelfen.<\/p>\n<p>Neugierig geworden? Dann machen Sie am Besten gleich einen Termin aus unter<\/p>\n<p class=\"has-medium-font-size\"><strong>Telefon 05202 \/ 2344<\/strong><\/p>\n<p>Wir freuen uns auf Ihren Anruf!<\/p>\n<p>Ihr Friseurteam J\u00f6rg Heidemann<\/p>","protected":false},"excerpt":{"rendered":"<p>Willkommen bei unserem kreativen und kompetenten Friseurteam J\u00f6rg Heidemann in Oerlinghausen! Entspannen Sie sich bei Kaffee, Tee oder Wasser, w\u00e4hrend wir Ihnen mit viel Feingef\u00fchl und Know-How nach professioneller Farb- und Stilberatung zu einem perfekten Aussehen verhelfen. Neugierig geworden? Dann machen Sie am Besten gleich einen Termin aus unter Telefon 05202 \/ 2344 Wir freuen [&hellip;]<\/p>\n","protected":false},"author":1,"featured_media":0,"parent":0,"menu_order":0,"comment_status":"closed","ping_status":"closed","template":"","meta":[],"_links":{"self":[{"href":"https:\/\/friseur-heidemann.de\/index.php?rest_route=\/wp\/v2\/pages\/9"}],"collection":[{"href":"https:\/\/friseur-heidemann.de\/index.php?rest_route=\/wp\/v2\/pages"}],"about":[{"href":"https:\/\/friseur-heidemann.de\/index.php?rest_route=\/wp\/v2\/types\/page"}],"author":[{"embeddable":true,"href":"https:\/\/friseur-heidemann.de\/index.php?rest_route=\/wp\/v2\/users\/1"}],"replies":[{"embeddable":true,"href":"https:\/\/friseur-heidemann.de\/index.php?rest_route=%2Fwp%2Fv2%2Fcomments&post=9"}],"version-history":[{"count":22,"href":"https:\/\/friseur-heidemann.de\/index.php?rest_route=\/wp\/v2\/pages\/9\/revisions"}],"predecessor-version":[{"id":389,"href":"https:\/\/friseur-heidemann.de\/index.php?rest_route=\/wp\/v2\/pages\/9\/revisions\/389"}],"wp:attachment":[{"href":"https:\/\/friseur-heidemann.de\/index.php?rest_route=%2Fwp%2Fv2%2Fmedia&parent=9"}],"curies":[{"name":"wp","href":"https:\/\/api.w.org\/{rel}","templated":true}]}}